{"id":130,"date":"2024-07-22T18:59:16","date_gmt":"2024-07-22T09:59:16","guid":{"rendered":"http:\/\/kysuvietnhat.com\/?page_id=130"},"modified":"2024-07-22T19:04:16","modified_gmt":"2024-07-22T10:04:16","slug":"%e7%ae%a1%e7%90%86%e4%ba%ba%e3%83%97%e3%83%ad%e3%83%95%e3%82%a3%e3%83%bc%e3%83%ab","status":"publish","type":"page","link":"https:\/\/kysuvietnhat.com\/?page_id=130","title":{"rendered":"\u7ba1\u7406\u4eba\u30d7\u30ed\u30d5\u30a3\u30fc\u30eb"},"content":{"rendered":"\n<div class=\"jinr-add-class-container\"><div class=\"wp-block-jinr-blocks-profile b--jinr-profile-container\"><section class=\"b--jinr-block b--jinr-profile d--sns-display-on d--theme-color d--profile-style1\"><div class=\"o--profile-contents\"><a href=\"http:\/\/kysuvietnhat.com\/?page_id=130\" class=\"a--profile-image\"><img src=https:\/\/kysuvietnhat.com\/wp-content\/uploads\/2024\/12\/cropped-1-150x150.png alt=\"\u3057\u3093\u3061\u3083\u3093\" width=\"90\" height=\"90\" \/><\/a><div class=\"c--profile-meta\"><div class=\"a--profile-name d--bold\">\u3057\u3093\u3061\u3083\u3093<\/div><div class=\"a--profile-job\">\u65e5\u8d8a\u5efa\u8a2d\u4ea4\u6d41\u4f1a CEO<\/div><\/div><\/div><div class=\"a--profile-introduction\"><div class=\"a--profile-label ef d--bold\">Profile<\/div><div class=\"a--profile-text\">S\u1ed1ng v\u00e0 l\u00e0m vi\u1ec7c t\u1ea1i Nh\u1eadt b\u1ea3n\n\u30fb9 n\u0103m kinh nghi\u00eam l\u00e0m vi\u1ec7c thi c\u00f4ng  \u5f79\u8077\uff1a\u5de5\u4e8b\u4e3b\u4efb\n\u30fb1\u7d1a\u571f\u6728\u65bd\u5de5\u7ba1\u7406\u6280\u58eb\u3001\uff12\u7d1a\u571f\u6728\u65bd\u5de5\u7ba1\u7406\u6280\u58eb\n\u30fb\u6280\u8853\u58eb\u88dc(\u5efa\u8a2d\u90e8\u9580)\n\u30fbFE\u8cc7\u683c\u3001IT\u30d1\u30b9\u30dd\u30fc\u30c8\u30012\u7d1aBIM\u5229\u7528\u6280\u8853\u8005\n\u30fbJLPT N1\u3001kinh nghi\u1ec7m d\u1ea1y N2 t\u1ea1i c\u00e1c trung t\u00e2m ti\u1ebfng Nh\u1eadt.\nAdmin group H\u1ecdc ch\u1ee9ng ch\u1ec9 2\u7d1a\u571f\u6728\u7ba1\u7406\u6280\u58eb (K\u1ef9 s\u01b0 Vi\u1ec7t Nh\u1eadt)<\/div><a href=\"http:\/\/kysuvietnhat.com\/?page_id=130\" class=\"a--profile-link d--bold\"><span>\u30d7\u30ed\u30d5\u30a3\u30fc\u30eb\u3092\u8aad\u3080<\/span><i class=\"jin-icons jin-ifont-arrow-thin\" aria-hidden=\"true\"><\/i><\/a><div class=\"o--profile-sns\"><div class=\"c--profile-sns-item\"><a href=https:\/\/x.com\/ class=\"a--sns-item-link d--twitter\" ><i class=\"jin-icons jin-ifont-twitter\" aria-hidden=\"true\"><\/i><span>X<\/span><\/a><a href=https:\/\/www.facebook.com\/groups\/kusuvietnhat class=\"a--sns-item-link d--facebook\" ><i class=\"jin-icons jin-ifont-facebook\" aria-hidden=\"true\"><\/i><span>Facebook<\/span><\/a><a href=https:\/\/www.instagram.com\/ class=\"a--sns-item-link d--instagram\"><i class=\"jin-icons jin-ifont-instagram\" aria-hidden=\"true\"><\/i><span>Instagram<\/span><\/a><a href=https:\/\/www.youtube.com\/ class=\"a--sns-item-link d--youtube\"><i class=\"jin-icons jin-ifont-youtube\" aria-hidden=\"true\"><\/i><span>YouTube<\/span><\/a><\/div><\/div><\/div><\/section><\/div><style jsx=\"true\">.my-profile .my-profile-thumb a{\n\tdisplay: inline-block;\n    pointer-events: none;\n}<\/style><\/div>\n\n\n\n<p><\/p>\n","protected":false},"excerpt":{"rendered":"","protected":false},"author":1,"featured_media":0,"parent":0,"menu_order":0,"comment_status":"closed","ping_status":"closed","template":"","meta":{"_uag_custom_page_level_css":"","_jinr_url_youtube":"","_jinr_pip_youtube":false,"_jinr_time_youtube":"","_jinr_thumb_youtube":"","_jinr_media_youtube":"","_jinr_category_edit":false,"_jinr_category":"","_jinr_title_display":false,"_jinr_snsbutton_display":false,"_jinr_ads_display":false,"_jinr_thumbnail_display":false,"_jinr_profile_display":false,"_jinr_representations_display":false,"_jinr_relatedpost_display":false,"_jinr_sidebar1col_display":false,"_jinr_sidebar2col_display":false,"_jinr_seotitle_display":"","_jinr_description_display":"","_jinr_keyword_display":"","_jinr_hastag_display":"","_jinr_canonical_display":"","_jinr_noindex_display":false,"_jinr_paidpost":false,"_jinr_paidpost_product_id":"","_jinr_headtag_article":"","footnotes":""},"class_list":["post-130","page","type-page","status-publish","hentry"],"uagb_featured_image_src":{"full":false,"thumbnail":false,"medium":false,"medium_large":false,"large":false,"1536x1536":false,"2048x2048":false,"post-thumbnail":false,"thumbnail_size":false,"small_size":false,"medium_size":false,"large_size":false,"woocommerce_thumbnail":false,"woocommerce_single":false,"woocommerce_gallery_thumbnail":false},"uagb_author_info":{"display_name":"kysuvietnhat","author_link":"https:\/\/kysuvietnhat.com\/author\/kysuvietnhat"},"uagb_comment_info":0,"uagb_excerpt":null,"_links":{"self":[{"href":"https:\/\/kysuvietnhat.com\/index.php?rest_route=\/wp\/v2\/pages\/130","targetHints":{"allow":["GET"]}}],"collection":[{"href":"https:\/\/kysuvietnhat.com\/index.php?rest_route=\/wp\/v2\/pages"}],"about":[{"href":"https:\/\/kysuvietnhat.com\/index.php?rest_route=\/wp\/v2\/types\/page"}],"author":[{"embeddable":true,"href":"https:\/\/kysuvietnhat.com\/index.php?rest_route=\/wp\/v2\/users\/1"}],"replies":[{"embeddable":true,"href":"https:\/\/kysuvietnhat.com\/index.php?rest_route=%2Fwp%2Fv2%2Fcomments&post=130"}],"version-history":[{"count":2,"href":"https:\/\/kysuvietnhat.com\/index.php?rest_route=\/wp\/v2\/pages\/130\/revisions"}],"predecessor-version":[{"id":135,"href":"https:\/\/kysuvietnhat.com\/index.php?rest_route=\/wp\/v2\/pages\/130\/revisions\/135"}],"wp:attachment":[{"href":"https:\/\/kysuvietnhat.com\/index.php?rest_route=%2Fwp%2Fv2%2Fmedia&parent=130"}],"curies":[{"name":"wp","href":"https:\/\/api.w.org\/{rel}","templated":true}]}}